{"id":7001,"date":"2022-06-28T12:21:04","date_gmt":"2022-06-28T09:21:04","guid":{"rendered":"https:\/\/moser.swiss\/?page_id=7001"},"modified":"2022-06-28T12:21:37","modified_gmt":"2022-06-28T09:21:37","slug":"moser-stonebox","status":"publish","type":"page","link":"https:\/\/www.moser.swiss\/fr\/moser-stonebox\/","title":{"rendered":"MOSER STONEBOX"},"content":{"rendered":"\n<p>La MOSER STONEBOX RR nouvellement d\u00e9velopp\u00e9e offre davantage et r\u00e9duit l\u2019usure, car la \u00abbenne semi-circulaire la plus plate\u00bb unit les meilleures caract\u00e9ristiques de toutes les formes de bennes existantes sur le march\u00e9. Vous avez le choix entre trois variantes: une benne \u00e0 basculement arri\u00e8re et \u00e0 charge utile optimis\u00e9e, une benne hautement r\u00e9sistante pour le transport de mat\u00e9riaux rocheux grossiers et une benne \u00e0 basculement arri\u00e8re \u00e9tanche \u00e0 la boue dot\u00e9e d\u2019une l\u00e8vre d\u2019\u00e9tanch\u00e9it\u00e9 correspondante \u00e0 l\u2019arri\u00e8re.<\/p>\n\n\n\n<div style=\"height:100px\" aria-hidden=\"true\" class=\"wp-block-spacer\"><\/div>\n\n\n\n<h2 class=\"has-text-align-left wp-block-heading\">\u00a0\u00a0\u00a0\u00a0\u00a0\u00a0\u00a0\u00a0\u00a0\u00a0\u00a0\u00a0\u00a0\u00a0\u00a0\u00a0\u00a0\u00a0\u00a0\u00a0\u00a0\u00a0\u00a0\u00a0\u00a0\u00a0\u00a0\u00a0\u00a0\u00a0\u00a0\u00a0 En savoir plus \u2013 reprendre la route!<\/h2>\n\n\n\n<div style=\"height:100px\" aria-hidden=\"true\" class=\"wp-block-spacer\"><\/div>\n\n\n\n<figure class=\"wp-block-video\"><video height=\"1080\" style=\"aspect-ratio: 1920 \/ 1080;\" width=\"1920\" controls src=\"http:\/\/moser.swiss\/wp-content\/uploads\/2021\/11\/MOSER-STONEBOX-RR.mp4\"><\/video><\/figure>\n\n\n\n<div style=\"height:100px\" aria-hidden=\"true\" class=\"wp-block-spacer\"><\/div>\n\n\n\n<div class=\"wp-block-file aligncenter\"><a href=\"https:\/\/moser.swiss\/wp-content\/uploads\/2021\/11\/Moser_Prospekt_2021.pdf\">D\u00e9couvrez notre nouvelle brochure<\/a><a href=\"https:\/\/moser.swiss\/wp-content\/uploads\/2021\/11\/Moser_Prospekt_2021.pdf\" class=\"wp-block-file__button\" download>T\u00e9l\u00e9charger<\/a><\/div>\n\n\n\n<div class=\"wp-block-image is-style-default\"><figure class=\"aligncenter size-large\"><a href=\"\/wp-content\/uploads\/2021\/11\/Moser_Prospekt_2021.pdf\"><img loading=\"lazy\" decoding=\"async\" width=\"1024\" height=\"717\" src=\"https:\/\/moser.swiss\/wp-content\/uploads\/2021\/11\/Moser_Broschu\u0308re-Stonebox_Mockup-Kopie-4-1024x717.png\" alt=\"\" class=\"wp-image-6386\" srcset=\"https:\/\/moser.swiss\/wp-content\/uploads\/2021\/11\/Moser_Broschu\u0308re-Stonebox_Mockup-Kopie-4-1024x717.png 1024w, https:\/\/moser.swiss\/wp-content\/uploads\/2021\/11\/Moser_Broschu\u0308re-Stonebox_Mockup-Kopie-4-300x210.png 300w, https:\/\/moser.swiss\/wp-content\/uploads\/2021\/11\/Moser_Broschu\u0308re-Stonebox_Mockup-Kopie-4-768x538.png 768w, https:\/\/moser.swiss\/wp-content\/uploads\/2021\/11\/Moser_Broschu\u0308re-Stonebox_Mockup-Kopie-4-500x350.png 500w, https:\/\/moser.swiss\/wp-content\/uploads\/2021\/11\/Moser_Broschu\u0308re-Stonebox_Mockup-Kopie-4.png 1200w\" sizes=\"auto, (max-width: 1024px) 100vw, 1024px\" \/><\/a><\/figure><\/div>\n","protected":false},"excerpt":{"rendered":"<p>La MOSER STONEBOX RR nouvellement d\u00e9velopp\u00e9e offre davantage et r\u00e9duit l\u2019usure, car la \u00abbenne semi-circulaire la plus plate\u00bb unit les meilleures caract\u00e9ristiques de toutes les formes de bennes existantes sur le march\u00e9. Vous avez le choix entre trois variantes: une benne \u00e0 basculement arri\u00e8re et \u00e0 charge utile optimis\u00e9e, une benne hautement r\u00e9sistante pour le [&hellip;]<\/p>\n","protected":false},"author":1,"featured_media":0,"parent":0,"menu_order":0,"comment_status":"closed","ping_status":"closed","template":"page-templates\/product.php","meta":{"_acf_changed":false,"inline_featured_image":false,"footnotes":""},"class_list":["post-7001","page","type-page","status-publish","hentry"],"acf":[],"yoast_head":"<!-- This site is optimized with the Yoast SEO plugin v27.5 - https:\/\/yoast.com\/product\/yoast-seo-wordpress\/ -->\n<title>MOSER STONEBOX &#8211; Moser<\/title>\n<meta name=\"robots\" content=\"index, follow, max-snippet:-1, max-image-preview:large, max-video-preview:-1\" \/>\n<link rel=\"canonical\" href=\"https:\/\/www.moser.swiss\/fr\/moser-stonebox\/\" \/>\n<meta property=\"og:locale\" content=\"fr_FR\" \/>\n<meta property=\"og:type\" content=\"article\" \/>\n<meta property=\"og:title\" content=\"MOSER STONEBOX &#8211; Moser\" \/>\n<meta property=\"og:description\" content=\"La MOSER STONEBOX RR nouvellement d\u00e9velopp\u00e9e offre davantage et r\u00e9duit l\u2019usure, car la \u00abbenne semi-circulaire la plus plate\u00bb unit les meilleures caract\u00e9ristiques de toutes les formes de bennes existantes sur le march\u00e9. Vous avez le choix entre trois variantes: une benne \u00e0 basculement arri\u00e8re et \u00e0 charge utile optimis\u00e9e, une benne hautement r\u00e9sistante pour le [&hellip;]\" \/>\n<meta property=\"og:url\" content=\"https:\/\/www.moser.swiss\/fr\/moser-stonebox\/\" \/>\n<meta property=\"og:site_name\" content=\"Moser\" \/>\n<meta property=\"article:modified_time\" content=\"2022-06-28T09:21:37+00:00\" \/>\n<meta name=\"twitter:card\" content=\"summary_large_image\" \/>\n<meta name=\"twitter:label1\" content=\"Dur\u00e9e de lecture estim\u00e9e\" \/>\n\t<meta name=\"twitter:data1\" content=\"1 minute\" \/>\n<script type=\"application\/ld+json\" class=\"yoast-schema-graph\">{\"@context\":\"https:\\\/\\\/schema.org\",\"@graph\":[{\"@type\":\"WebPage\",\"@id\":\"https:\\\/\\\/www.moser.swiss\\\/fr\\\/moser-stonebox\\\/\",\"url\":\"https:\\\/\\\/www.moser.swiss\\\/fr\\\/moser-stonebox\\\/\",\"name\":\"MOSER STONEBOX &#8211; Moser\",\"isPartOf\":{\"@id\":\"https:\\\/\\\/www.moser.swiss\\\/fr\\\/#website\"},\"datePublished\":\"2022-06-28T09:21:04+00:00\",\"dateModified\":\"2022-06-28T09:21:37+00:00\",\"breadcrumb\":{\"@id\":\"https:\\\/\\\/www.moser.swiss\\\/fr\\\/moser-stonebox\\\/#breadcrumb\"},\"inLanguage\":\"fr-FR\",\"potentialAction\":[{\"@type\":\"ReadAction\",\"target\":[\"https:\\\/\\\/www.moser.swiss\\\/fr\\\/moser-stonebox\\\/\"]}]},{\"@type\":\"BreadcrumbList\",\"@id\":\"https:\\\/\\\/www.moser.swiss\\\/fr\\\/moser-stonebox\\\/#breadcrumb\",\"itemListElement\":[{\"@type\":\"ListItem\",\"position\":1,\"name\":\"\u0413\u043b\u0430\u0432\u043d\u0430\u044f \u0441\u0442\u0440\u0430\u043d\u0438\u0446\u0430\",\"item\":\"https:\\\/\\\/www.moser.swiss\\\/fr\\\/\"},{\"@type\":\"ListItem\",\"position\":2,\"name\":\"MOSER STONEBOX\"}]},{\"@type\":\"WebSite\",\"@id\":\"https:\\\/\\\/www.moser.swiss\\\/fr\\\/#website\",\"url\":\"https:\\\/\\\/www.moser.swiss\\\/fr\\\/\",\"name\":\"Moser\",\"description\":\"Toujours une charge d&#039;avance.\",\"potentialAction\":[{\"@type\":\"SearchAction\",\"target\":{\"@type\":\"EntryPoint\",\"urlTemplate\":\"https:\\\/\\\/www.moser.swiss\\\/fr\\\/?s={search_term_string}\"},\"query-input\":{\"@type\":\"PropertyValueSpecification\",\"valueRequired\":true,\"valueName\":\"search_term_string\"}}],\"inLanguage\":\"fr-FR\"}]}<\/script>\n<!-- \/ Yoast SEO plugin. -->","yoast_head_json":{"title":"MOSER STONEBOX &#8211; Moser","robots":{"index":"index","follow":"follow","max-snippet":"max-snippet:-1","max-image-preview":"max-image-preview:large","max-video-preview":"max-video-preview:-1"},"canonical":"https:\/\/www.moser.swiss\/fr\/moser-stonebox\/","og_locale":"fr_FR","og_type":"article","og_title":"MOSER STONEBOX &#8211; Moser","og_description":"La MOSER STONEBOX RR nouvellement d\u00e9velopp\u00e9e offre davantage et r\u00e9duit l\u2019usure, car la \u00abbenne semi-circulaire la plus plate\u00bb unit les meilleures caract\u00e9ristiques de toutes les formes de bennes existantes sur le march\u00e9. Vous avez le choix entre trois variantes: une benne \u00e0 basculement arri\u00e8re et \u00e0 charge utile optimis\u00e9e, une benne hautement r\u00e9sistante pour le [&hellip;]","og_url":"https:\/\/www.moser.swiss\/fr\/moser-stonebox\/","og_site_name":"Moser","article_modified_time":"2022-06-28T09:21:37+00:00","twitter_card":"summary_large_image","twitter_misc":{"Dur\u00e9e de lecture estim\u00e9e":"1 minute"},"schema":{"@context":"https:\/\/schema.org","@graph":[{"@type":"WebPage","@id":"https:\/\/www.moser.swiss\/fr\/moser-stonebox\/","url":"https:\/\/www.moser.swiss\/fr\/moser-stonebox\/","name":"MOSER STONEBOX &#8211; Moser","isPartOf":{"@id":"https:\/\/www.moser.swiss\/fr\/#website"},"datePublished":"2022-06-28T09:21:04+00:00","dateModified":"2022-06-28T09:21:37+00:00","breadcrumb":{"@id":"https:\/\/www.moser.swiss\/fr\/moser-stonebox\/#breadcrumb"},"inLanguage":"fr-FR","potentialAction":[{"@type":"ReadAction","target":["https:\/\/www.moser.swiss\/fr\/moser-stonebox\/"]}]},{"@type":"BreadcrumbList","@id":"https:\/\/www.moser.swiss\/fr\/moser-stonebox\/#breadcrumb","itemListElement":[{"@type":"ListItem","position":1,"name":"\u0413\u043b\u0430\u0432\u043d\u0430\u044f \u0441\u0442\u0440\u0430\u043d\u0438\u0446\u0430","item":"https:\/\/www.moser.swiss\/fr\/"},{"@type":"ListItem","position":2,"name":"MOSER STONEBOX"}]},{"@type":"WebSite","@id":"https:\/\/www.moser.swiss\/fr\/#website","url":"https:\/\/www.moser.swiss\/fr\/","name":"Moser","description":"Toujours une charge d&#039;avance.","potentialAction":[{"@type":"SearchAction","target":{"@type":"EntryPoint","urlTemplate":"https:\/\/www.moser.swiss\/fr\/?s={search_term_string}"},"query-input":{"@type":"PropertyValueSpecification","valueRequired":true,"valueName":"search_term_string"}}],"inLanguage":"fr-FR"}]}},"_links":{"self":[{"href":"https:\/\/www.moser.swiss\/fr\/wp-json\/wp\/v2\/pages\/7001","targetHints":{"allow":["GET"]}}],"collection":[{"href":"https:\/\/www.moser.swiss\/fr\/wp-json\/wp\/v2\/pages"}],"about":[{"href":"https:\/\/www.moser.swiss\/fr\/wp-json\/wp\/v2\/types\/page"}],"author":[{"embeddable":true,"href":"https:\/\/www.moser.swiss\/fr\/wp-json\/wp\/v2\/users\/1"}],"replies":[{"embeddable":true,"href":"https:\/\/www.moser.swiss\/fr\/wp-json\/wp\/v2\/comments?post=7001"}],"version-history":[{"count":0,"href":"https:\/\/www.moser.swiss\/fr\/wp-json\/wp\/v2\/pages\/7001\/revisions"}],"wp:attachment":[{"href":"https:\/\/www.moser.swiss\/fr\/wp-json\/wp\/v2\/media?parent=7001"}],"curies":[{"name":"wp","href":"https:\/\/api.w.org\/{rel}","templated":true}]}}